{"id":2287,"date":"2025-07-11T16:12:39","date_gmt":"2025-07-11T16:12:39","guid":{"rendered":"https:\/\/psicoromi.com\/?page_id=2287"},"modified":"2025-07-11T16:16:51","modified_gmt":"2025-07-11T16:16:51","slug":"accesibilidad","status":"publish","type":"page","link":"https:\/\/psicoromi.com\/es\/accesibilidad\/","title":{"rendered":"Declaraci\u00f3n de accesibilidad"},"content":{"rendered":"<p>Psicoromi.com se ha comprometido a hacer accesibles sus sitio web de conformidad con el Real Decreto 1112\/2018, de 7 de septiembre, sobre accesibilidad de los sitios web y aplicaciones para dispositivos m\u00f3viles (en adelante, Real Decreto 1112\/2018, de 7 de septiembre).<\/p>\n<p>La presente declaraci\u00f3n de accesibilidad se aplica al sitio web www.psicoromi.com (los subdominios de este sitio web tendr\u00e1n sus propias declaraciones de accesibilidad).<\/p>\n<p>Situaci\u00f3n de cumplimiento<\/p>\n<p>Este sitio web es parcialmente conforme con el Real Decreto 1112\/2018, de 7 de septiembre, debido a la falta de conformidad de los aspectos que se indican a continuaci\u00f3n.<\/p>\n<p>Contenido no accesible<\/p>\n<p>El contenido que se recoge a continuaci\u00f3n no es accesible por lo siguiente:<\/p>\n<p>Falta de conformidad con el Real Decreto 1112\/2018, de 7 de septiembre: podr\u00edan existir fallos puntuales de edici\u00f3n en alguna p\u00e1gina web, tanto en contenidos HTML como en documentos finales, publicados en fecha posterior al 20 de septiembre de 2018 (fecha de entrada en vigor del Real Decreto 1112\/2018, de 7 de septiembre). Concretamente puede haber errores en aquellos documentos que contienen gr\u00e1ficos, tablas complejas o en aquellos firmados electr\u00f3nicamente antes de su revisi\u00f3n de accesibilidad.<br \/>\nCarga desproporcionada: no aplica.<br \/>\nEl contenido no entra dentro del \u00e1mbito de la legislaci\u00f3n aplicable: Existen archivos ofim\u00e1ticos en PDF u otros formatos que no cumplen en su totalidad todos los requisitos de accesibilidad;<\/p>\n<p>Preparaci\u00f3n de la presente declaraci\u00f3n de accesibilidad<\/p>\n<p>La presente declaraci\u00f3n fue preparada el 19 de diciembre de 2023.<\/p>\n<p>El m\u00e9todo empleado para preparar la declaraci\u00f3n ha sido una autoevaluaci\u00f3n llevada a cabo por el propio titular.<\/p>\n<p>\u00daltima revisi\u00f3n de la declaraci\u00f3n: 19 de diciembre de 2023.<\/p>\n<p>Observaciones y datos de contacto<\/p>\n<p>Puede realizar comunicaciones sobre requisitos de accesibilidad (art\u00edculo 10.2.a) del Real Decreto 1112\/2018, de 7 de septiembre) como, por ejemplo:<\/p>\n<p>Informar sobre cualquier posible incumplimiento por parte de este sitio web.<br \/>\nTransmitir otras dificultades de acceso al contenido.<br \/>\nFormular cualquier otra consulta o sugerencia de mejora relativa a la accesibilidad del sitio web.<br \/>\nA trav\u00e9s de las siguientes v\u00edas:<\/p>\n<p>Correu electr\u00f2nic: joovpsicologia@gmail.com<br \/>\nTel\u00e8fon: 634835061<\/p>\n<p>Tambi\u00e9n puede solicitar en formato accesible informaci\u00f3n que no cumpla con los requisitos de accesibilidad bien por estar excluida, bien por estar exenta por carga desproporcionada; o formular una queja por incumplimiento de los requisitos de accesibilidad.<\/p>\n<p>Las comunicaciones, solicitudes de informaci\u00f3n accesible y quejas debe dirigirlas a Josep Oriol Orom\u00ed Valls, responsable de los contenidos de este sitio web.<\/p>\n<p>Procedimiento de aplicaci\u00f3n<\/p>\n<p>A trav\u00e9s de este procedimiento podr\u00e1 iniciar una reclamaci\u00f3n para conocer y oponerse a los motivos de la desestimaci\u00f3n de una solicitud de informaci\u00f3n accesible o queja, instar la adopci\u00f3n de las medidas oportunas en el caso de no estar de acuerdo con la decisi\u00f3n adoptada, o exponer las razones por las que se considera que la respuesta no cumple con los requisitos exigidos.<\/p>\n<p>Enlace al procedimiento de reclamaci\u00f3n Abre nueva ventana, que debe dirigir a la Subdirecci\u00f3n General de Servicios Web, Transparencia y Protecci\u00f3n de Datos, como Unidad responsable de accesibilidad de este Ministerio, o si la reclamaci\u00f3n es por una actuaci\u00f3n de dicha Unidad, al superior jer\u00e1rquico de \u00e9sta.<\/p>\n<p>Contenido opcional<\/p>\n<p>La versi\u00f3n actualmente visible de este sitio web es de mayo de 2023 y en esa fecha se hizo la revisi\u00f3n del nivel de accesibilidad vigente en aquel momento.<\/p>\n<p>A partir de dicha fecha se llevan a cabo revisiones parciales diarias del contenido web nuevo o modificado, tanto de las plantillas como de las p\u00e1ginas y documentos finales publicados, a fin de asegurar el cumplimiento de los requerimientos de accesibilidad de la Norma UNE-EN 301549:2022, considerando las excepciones del Real Decreto 1112\/2018, de 7 de septiembre.<\/p>\n<p>Adicionalmente, este sitio web es revisado por el Observatorio de Accesibilidad Web (OAW), habi\u00e9ndose realizado la \u00faltima revisi\u00f3n en junio mayo de 2023. Entre otras se adoptan las siguientes medidas para facilitar la accesibilidad:<\/p>\n<p>Utilizaci\u00f3n de texto alternativo en las im\u00e1genes<br \/>\nLos enlaces ofrecen detalles de la funci\u00f3n o destino del hiperv\u00ednculo<br \/>\nUso de los est\u00e1ndares del W3C: XHTML 1.0, CSS 3.0, WAI AA.<br \/>\nPuede consultar en la p\u00e1gina de Aviso Legal para qu\u00e9 navegadores y versiones est\u00e1 optimizado este sitio web.<\/p>\n<p>&nbsp;<\/p>\n<p><a href=\"https:\/\/acelerapyme.gob.es\/kit-digital\" target=\"_blank\" rel=\"noopener\"><img decoding=\"async\" class=\"aligncenter wp-image-2264 size-full lazyload\" src=\"data:image\/gif;base64,R0lGODlhAQABAIAAAAAAAP\/\/\/yH5BAEAAAAALAAAAAABAAEAAAIBRAA7\" data-src=\"https:\/\/psicoromi.com\/wp-content\/uploads\/2025\/07\/Logo-digitalizadores-1024x119-1-1.png\" alt=\"\" width=\"1024\" height=\"119\" \/><noscript><img decoding=\"async\" class=\"aligncenter wp-image-2264 size-full lazyload\" src=\"https:\/\/psicoromi.com\/wp-content\/uploads\/2025\/07\/Logo-digitalizadores-1024x119-1-1.png\" alt=\"\" width=\"1024\" height=\"119\" srcset=\"https:\/\/psicoromi.com\/wp-content\/uploads\/2025\/07\/Logo-digitalizadores-1024x119-1-1-200x23.png 200w, https:\/\/psicoromi.com\/wp-content\/uploads\/2025\/07\/Logo-digitalizadores-1024x119-1-1-300x35.png 300w, https:\/\/psicoromi.com\/wp-content\/uploads\/2025\/07\/Logo-digitalizadores-1024x119-1-1-400x46.png 400w, https:\/\/psicoromi.com\/wp-content\/uploads\/2025\/07\/Logo-digitalizadores-1024x119-1-1-600x70.png 600w, https:\/\/psicoromi.com\/wp-content\/uploads\/2025\/07\/Logo-digitalizadores-1024x119-1-1-768x89.png 768w, https:\/\/psicoromi.com\/wp-content\/uploads\/2025\/07\/Logo-digitalizadores-1024x119-1-1-800x93.png 800w, https:\/\/psicoromi.com\/wp-content\/uploads\/2025\/07\/Logo-digitalizadores-1024x119-1-1.png 1024w\" sizes=\"(max-width: 1024px) 100vw, 1024px\" \/><\/noscript><\/a><\/p>\n","protected":false},"excerpt":{"rendered":"<p>Psicoromi.com se ha comprometido a hacer accesibles sus sitio web de conformidad con el Real Decreto 1112\/2018, de 7 de septiembre, sobre accesibilidad de los sitios web y aplicaciones para dispositivos m\u00f3viles (en adelante, Real Decreto 1112\/2018, de 7 de septiembre). La presente declaraci\u00f3n de accesibilidad se aplica al sitio  [&#8230;]<\/p>\n","protected":false},"author":2,"featured_media":0,"parent":0,"menu_order":0,"comment_status":"closed","ping_status":"closed","template":"","meta":{"footnotes":""},"class_list":["post-2287","page","type-page","status-publish","hentry"],"yoast_head":"<!-- This site is optimized with the Yoast SEO plugin v27.4 - https:\/\/yoast.com\/product\/yoast-seo-wordpress\/ -->\n<title>Declaraci\u00f3n de accesibilidad - PsicOrom\u00ed - Psicologia general sanit\u00e0ria<\/title>\n<meta name=\"robots\" content=\"index, follow, max-snippet:-1, max-image-preview:large, max-video-preview:-1\" \/>\n<link rel=\"canonical\" href=\"https:\/\/psicoromi.com\/es\/accesibilidad\/\" \/>\n<meta property=\"og:locale\" content=\"es_ES\" \/>\n<meta property=\"og:type\" content=\"article\" \/>\n<meta property=\"og:title\" content=\"Declaraci\u00f3n de accesibilidad - PsicOrom\u00ed - Psicologia general sanit\u00e0ria\" \/>\n<meta property=\"og:description\" content=\"Psicoromi.com se ha comprometido a hacer accesibles sus sitio web de conformidad con el Real Decreto 1112\/2018, de 7 de septiembre, sobre accesibilidad de los sitios web y aplicaciones para dispositivos m\u00f3viles (en adelante, Real Decreto 1112\/2018, de 7 de septiembre). La presente declaraci\u00f3n de accesibilidad se aplica al sitio [...]\" \/>\n<meta property=\"og:url\" content=\"https:\/\/psicoromi.com\/es\/accesibilidad\/\" \/>\n<meta property=\"og:site_name\" content=\"PsicOrom\u00ed - Psicologia general sanit\u00e0ria\" \/>\n<meta property=\"article:modified_time\" content=\"2025-07-11T16:16:51+00:00\" \/>\n<meta property=\"og:image\" content=\"https:\/\/psicoromi.com\/wp-content\/uploads\/2025\/07\/Logo-digitalizadores-1024x119-1-1.png\" \/>\n\t<meta property=\"og:image:width\" content=\"1024\" \/>\n\t<meta property=\"og:image:height\" content=\"119\" \/>\n\t<meta property=\"og:image:type\" content=\"image\/png\" \/>\n<meta name=\"twitter:card\" content=\"summary_large_image\" \/>\n<meta name=\"twitter:label1\" content=\"Tiempo de lectura\" \/>\n\t<meta name=\"twitter:data1\" content=\"4 minutos\" \/>\n<script type=\"application\/ld+json\" class=\"yoast-schema-graph\">{\"@context\":\"https:\\\/\\\/schema.org\",\"@graph\":[{\"@type\":\"WebPage\",\"@id\":\"https:\\\/\\\/psicoromi.com\\\/es\\\/accesibilidad\\\/\",\"url\":\"https:\\\/\\\/psicoromi.com\\\/es\\\/accesibilidad\\\/\",\"name\":\"Declaraci\u00f3n de accesibilidad - PsicOrom\u00ed - Psicologia general sanit\u00e0ria\",\"isPartOf\":{\"@id\":\"https:\\\/\\\/psicoromi.com\\\/es\\\/#website\"},\"primaryImageOfPage\":{\"@id\":\"https:\\\/\\\/psicoromi.com\\\/es\\\/accesibilidad\\\/#primaryimage\"},\"image\":{\"@id\":\"https:\\\/\\\/psicoromi.com\\\/es\\\/accesibilidad\\\/#primaryimage\"},\"thumbnailUrl\":\"https:\\\/\\\/psicoromi.com\\\/wp-content\\\/uploads\\\/2025\\\/07\\\/Logo-digitalizadores-1024x119-1-1.png\",\"datePublished\":\"2025-07-11T16:12:39+00:00\",\"dateModified\":\"2025-07-11T16:16:51+00:00\",\"breadcrumb\":{\"@id\":\"https:\\\/\\\/psicoromi.com\\\/es\\\/accesibilidad\\\/#breadcrumb\"},\"inLanguage\":\"es\",\"potentialAction\":[{\"@type\":\"ReadAction\",\"target\":[\"https:\\\/\\\/psicoromi.com\\\/es\\\/accesibilidad\\\/\"]}]},{\"@type\":\"ImageObject\",\"inLanguage\":\"es\",\"@id\":\"https:\\\/\\\/psicoromi.com\\\/es\\\/accesibilidad\\\/#primaryimage\",\"url\":\"https:\\\/\\\/psicoromi.com\\\/wp-content\\\/uploads\\\/2025\\\/07\\\/Logo-digitalizadores-1024x119-1-1.png\",\"contentUrl\":\"https:\\\/\\\/psicoromi.com\\\/wp-content\\\/uploads\\\/2025\\\/07\\\/Logo-digitalizadores-1024x119-1-1.png\"},{\"@type\":\"BreadcrumbList\",\"@id\":\"https:\\\/\\\/psicoromi.com\\\/es\\\/accesibilidad\\\/#breadcrumb\",\"itemListElement\":[{\"@type\":\"ListItem\",\"position\":1,\"name\":\"Portada\",\"item\":\"https:\\\/\\\/psicoromi.com\\\/es\\\/psicoromi-espacio-de-psicologia\\\/\"},{\"@type\":\"ListItem\",\"position\":2,\"name\":\"Declaraci\u00f3n de accesibilidad\"}]},{\"@type\":\"WebSite\",\"@id\":\"https:\\\/\\\/psicoromi.com\\\/es\\\/#website\",\"url\":\"https:\\\/\\\/psicoromi.com\\\/es\\\/\",\"name\":\"PsicOrom\u00ed - Psicologia general sanit\u00e0ria\",\"description\":\"\",\"publisher\":{\"@id\":\"https:\\\/\\\/psicoromi.com\\\/es\\\/#organization\"},\"potentialAction\":[{\"@type\":\"SearchAction\",\"target\":{\"@type\":\"EntryPoint\",\"urlTemplate\":\"https:\\\/\\\/psicoromi.com\\\/es\\\/?s={search_term_string}\"},\"query-input\":{\"@type\":\"PropertyValueSpecification\",\"valueRequired\":true,\"valueName\":\"search_term_string\"}}],\"inLanguage\":\"es\"},{\"@type\":\"Organization\",\"@id\":\"https:\\\/\\\/psicoromi.com\\\/es\\\/#organization\",\"name\":\"PsicOrom\u00ed - Psicologia general sanit\u00e0ria\",\"url\":\"https:\\\/\\\/psicoromi.com\\\/es\\\/\",\"logo\":{\"@type\":\"ImageObject\",\"inLanguage\":\"es\",\"@id\":\"https:\\\/\\\/psicoromi.com\\\/es\\\/#\\\/schema\\\/logo\\\/image\\\/\",\"url\":\"https:\\\/\\\/psicoromi.com\\\/wp-content\\\/uploads\\\/2025\\\/07\\\/Logotip-psicoromi.png\",\"contentUrl\":\"https:\\\/\\\/psicoromi.com\\\/wp-content\\\/uploads\\\/2025\\\/07\\\/Logotip-psicoromi.png\",\"width\":1000,\"height\":1000,\"caption\":\"PsicOrom\u00ed - Psicologia general sanit\u00e0ria\"},\"image\":{\"@id\":\"https:\\\/\\\/psicoromi.com\\\/es\\\/#\\\/schema\\\/logo\\\/image\\\/\"},\"sameAs\":[\"https:\\\/\\\/www.instagram.com\\\/psicoromi\"]}]}<\/script>\n<!-- \/ Yoast SEO plugin. -->","yoast_head_json":{"title":"Declaraci\u00f3n de accesibilidad - PsicOrom\u00ed - Psicologia general sanit\u00e0ria","robots":{"index":"index","follow":"follow","max-snippet":"max-snippet:-1","max-image-preview":"max-image-preview:large","max-video-preview":"max-video-preview:-1"},"canonical":"https:\/\/psicoromi.com\/es\/accesibilidad\/","og_locale":"es_ES","og_type":"article","og_title":"Declaraci\u00f3n de accesibilidad - PsicOrom\u00ed - Psicologia general sanit\u00e0ria","og_description":"Psicoromi.com se ha comprometido a hacer accesibles sus sitio web de conformidad con el Real Decreto 1112\/2018, de 7 de septiembre, sobre accesibilidad de los sitios web y aplicaciones para dispositivos m\u00f3viles (en adelante, Real Decreto 1112\/2018, de 7 de septiembre). La presente declaraci\u00f3n de accesibilidad se aplica al sitio [...]","og_url":"https:\/\/psicoromi.com\/es\/accesibilidad\/","og_site_name":"PsicOrom\u00ed - Psicologia general sanit\u00e0ria","article_modified_time":"2025-07-11T16:16:51+00:00","og_image":[{"width":1024,"height":119,"url":"https:\/\/psicoromi.com\/wp-content\/uploads\/2025\/07\/Logo-digitalizadores-1024x119-1-1.png","type":"image\/png"}],"twitter_card":"summary_large_image","twitter_misc":{"Tiempo de lectura":"4 minutos"},"schema":{"@context":"https:\/\/schema.org","@graph":[{"@type":"WebPage","@id":"https:\/\/psicoromi.com\/es\/accesibilidad\/","url":"https:\/\/psicoromi.com\/es\/accesibilidad\/","name":"Declaraci\u00f3n de accesibilidad - PsicOrom\u00ed - Psicologia general sanit\u00e0ria","isPartOf":{"@id":"https:\/\/psicoromi.com\/es\/#website"},"primaryImageOfPage":{"@id":"https:\/\/psicoromi.com\/es\/accesibilidad\/#primaryimage"},"image":{"@id":"https:\/\/psicoromi.com\/es\/accesibilidad\/#primaryimage"},"thumbnailUrl":"https:\/\/psicoromi.com\/wp-content\/uploads\/2025\/07\/Logo-digitalizadores-1024x119-1-1.png","datePublished":"2025-07-11T16:12:39+00:00","dateModified":"2025-07-11T16:16:51+00:00","breadcrumb":{"@id":"https:\/\/psicoromi.com\/es\/accesibilidad\/#breadcrumb"},"inLanguage":"es","potentialAction":[{"@type":"ReadAction","target":["https:\/\/psicoromi.com\/es\/accesibilidad\/"]}]},{"@type":"ImageObject","inLanguage":"es","@id":"https:\/\/psicoromi.com\/es\/accesibilidad\/#primaryimage","url":"https:\/\/psicoromi.com\/wp-content\/uploads\/2025\/07\/Logo-digitalizadores-1024x119-1-1.png","contentUrl":"https:\/\/psicoromi.com\/wp-content\/uploads\/2025\/07\/Logo-digitalizadores-1024x119-1-1.png"},{"@type":"BreadcrumbList","@id":"https:\/\/psicoromi.com\/es\/accesibilidad\/#breadcrumb","itemListElement":[{"@type":"ListItem","position":1,"name":"Portada","item":"https:\/\/psicoromi.com\/es\/psicoromi-espacio-de-psicologia\/"},{"@type":"ListItem","position":2,"name":"Declaraci\u00f3n de accesibilidad"}]},{"@type":"WebSite","@id":"https:\/\/psicoromi.com\/es\/#website","url":"https:\/\/psicoromi.com\/es\/","name":"PsicOrom\u00ed - Psicologia general sanit\u00e0ria","description":"","publisher":{"@id":"https:\/\/psicoromi.com\/es\/#organization"},"potentialAction":[{"@type":"SearchAction","target":{"@type":"EntryPoint","urlTemplate":"https:\/\/psicoromi.com\/es\/?s={search_term_string}"},"query-input":{"@type":"PropertyValueSpecification","valueRequired":true,"valueName":"search_term_string"}}],"inLanguage":"es"},{"@type":"Organization","@id":"https:\/\/psicoromi.com\/es\/#organization","name":"PsicOrom\u00ed - Psicologia general sanit\u00e0ria","url":"https:\/\/psicoromi.com\/es\/","logo":{"@type":"ImageObject","inLanguage":"es","@id":"https:\/\/psicoromi.com\/es\/#\/schema\/logo\/image\/","url":"https:\/\/psicoromi.com\/wp-content\/uploads\/2025\/07\/Logotip-psicoromi.png","contentUrl":"https:\/\/psicoromi.com\/wp-content\/uploads\/2025\/07\/Logotip-psicoromi.png","width":1000,"height":1000,"caption":"PsicOrom\u00ed - Psicologia general sanit\u00e0ria"},"image":{"@id":"https:\/\/psicoromi.com\/es\/#\/schema\/logo\/image\/"},"sameAs":["https:\/\/www.instagram.com\/psicoromi"]}]}},"_links":{"self":[{"href":"https:\/\/psicoromi.com\/es\/wp-json\/wp\/v2\/pages\/2287","targetHints":{"allow":["GET"]}}],"collection":[{"href":"https:\/\/psicoromi.com\/es\/wp-json\/wp\/v2\/pages"}],"about":[{"href":"https:\/\/psicoromi.com\/es\/wp-json\/wp\/v2\/types\/page"}],"author":[{"embeddable":true,"href":"https:\/\/psicoromi.com\/es\/wp-json\/wp\/v2\/users\/2"}],"replies":[{"embeddable":true,"href":"https:\/\/psicoromi.com\/es\/wp-json\/wp\/v2\/comments?post=2287"}],"version-history":[{"count":2,"href":"https:\/\/psicoromi.com\/es\/wp-json\/wp\/v2\/pages\/2287\/revisions"}],"predecessor-version":[{"id":2289,"href":"https:\/\/psicoromi.com\/es\/wp-json\/wp\/v2\/pages\/2287\/revisions\/2289"}],"wp:attachment":[{"href":"https:\/\/psicoromi.com\/es\/wp-json\/wp\/v2\/media?parent=2287"}],"curies":[{"name":"wp","href":"https:\/\/api.w.org\/{rel}","templated":true}]}}